{"id":194,"date":"2017-07-30T15:54:58","date_gmt":"2017-07-30T14:54:58","guid":{"rendered":"http:\/\/127.0.0.1\/wordpress\/?page_id=194"},"modified":"2025-11-06T16:44:59","modified_gmt":"2025-11-06T15:44:59","slug":"corsi","status":"publish","type":"page","link":"https:\/\/www.sclocarno.ch\/wordpress\/av\/corsi\/","title":{"rendered":"Corsi SCL"},"content":{"rendered":"<span itemprop=\"description\"><p><strong style=\"font-size: 14px; word-spacing: normal;\">Corso &#8220;livello 1&#8221;<\/strong><br \/>\nConcepito per introdurvi al canottaggio, \u00e8 composto da 9 lezioni di 2 ore. Vi sono ammesse al massimo 8 persone (minimo 4). Il prossimo appuntamento \u00e8 previsto per aprile-maggio 2026.<br \/>\n<a href=\"https:\/\/www.sclocarno.ch\/wordpress\/av\/corso-base-originale\/\">@ulteriori informazioni e modulo d&#8217;iscrizione<\/a><\/p>\n<p><strong>Corso &#8220;livello 2&#8221;<\/strong><br \/>\nIdeato per i rematori che gi\u00e0 hanno frequentato il corso &#8220;livello 1&#8221;, e consolidato la loro esperienza con i gig e i quattro di coppia, vi permetter\u00e0 d&#8217;accedere ai due di coppia. Anch&#8217;esso si articola su 9 lezioni da 2 ore e vi sono ammesse 8 persone (minimo 4). Pianificato nei mesi di settembre-ottobre, si svolge ad anni alterni con il corso avanzato e su richiesta dei soci (termine d&#8217;iscrizione il 31 maggio d&#8217;ogni anno).<br \/>\n<a href=\"https:\/\/www.sclocarno.ch\/wordpress\/corso-medio\/\">@ulteriori informazioni e modulo d&#8217;iscrizione<\/a><\/p>\n<p><strong>Corso &#8220;livello 3&#8221;<\/strong><br \/>\nUltimo gradino in termini formativi, \u00e8 accessibile ai rematori esperti (coloro i quali hanno frequentato i due corsi precedenti) e propone un programma d&#8217;apprendimento sul singolo (o skiff). \u00c8 organizzato su 9 lezioni da 2 ore e vi sono ammesse non pi\u00f9 di 6 persone. Pianificato nei mesi di settembre-ottobre, si svolge ad anni alterni con il corso medio. Anch&#8217;esso \u00e8 proposto su richiesta dei soci (termine d&#8217;iscrizione il 31 maggio di ogni anno).<br \/>\n<a href=\"https:\/\/www.sclocarno.ch\/wordpress\/corsi-medio-e-avanzato\/\">@ulteriori informazioni e modulo d&#8217;iscrizione<\/a><\/p>\n<span>","protected":false},"excerpt":{"rendered":"<p class=\"excerpt\"><span itemprop=\"description\">Corso &#8220;livello 1&#8221; Concepito per introdurvi al canottaggio, \u00e8 composto da 9 lezioni di 2 ore. Vi sono ammesse al massimo 8 persone (minimo 4). Il prossimo appuntamento \u00e8 previsto per aprile-maggio 2026. @ulteriori informazioni e modulo d&#8217;iscrizione Corso &#8220;livello 2&#8221; Ideato per i rematori&hellip;<\/span><\/p>\n<p class=\"more-link-p btn-align-right\"><a class=\"blue zoom-btn\" href=\"https:\/\/www.sclocarno.ch\/wordpress\/av\/corsi\/\">Read More<\/a><\/p>\n","protected":false},"author":1,"featured_media":0,"parent":31,"menu_order":0,"comment_status":"closed","ping_status":"closed","template":"","meta":{"footnotes":""},"class_list":["post-194","page","type-page","status-publish","hentry","zoom-theme-has-thumb"],"_links":{"self":[{"href":"https:\/\/www.sclocarno.ch\/wordpress\/wp-json\/wp\/v2\/pages\/194","targetHints":{"allow":["GET"]}}],"collection":[{"href":"https:\/\/www.sclocarno.ch\/wordpress\/wp-json\/wp\/v2\/pages"}],"about":[{"href":"https:\/\/www.sclocarno.ch\/wordpress\/wp-json\/wp\/v2\/types\/page"}],"author":[{"embeddable":true,"href":"https:\/\/www.sclocarno.ch\/wordpress\/wp-json\/wp\/v2\/users\/1"}],"replies":[{"embeddable":true,"href":"https:\/\/www.sclocarno.ch\/wordpress\/wp-json\/wp\/v2\/comments?post=194"}],"version-history":[{"count":72,"href":"https:\/\/www.sclocarno.ch\/wordpress\/wp-json\/wp\/v2\/pages\/194\/revisions"}],"predecessor-version":[{"id":4244,"href":"https:\/\/www.sclocarno.ch\/wordpress\/wp-json\/wp\/v2\/pages\/194\/revisions\/4244"}],"up":[{"embeddable":true,"href":"https:\/\/www.sclocarno.ch\/wordpress\/wp-json\/wp\/v2\/pages\/31"}],"wp:attachment":[{"href":"https:\/\/www.sclocarno.ch\/wordpress\/wp-json\/wp\/v2\/media?parent=194"}],"curies":[{"name":"wp","href":"https:\/\/api.w.org\/{rel}","templated":true}]}}