{"id":29,"date":"2017-06-29T16:25:04","date_gmt":"2017-06-29T16:25:04","guid":{"rendered":"http:\/\/127.0.0.1\/wordpress\/?page_id=29"},"modified":"2024-11-08T10:00:56","modified_gmt":"2024-11-08T09:00:56","slug":"sede-hotel","status":"publish","type":"page","link":"https:\/\/www.sclocarno.ch\/wordpress\/sede-hotel\/","title":{"rendered":"Dormitorio"},"content":{"rendered":"<span itemprop=\"description\"><p><a href=\"http:\/\/www.sclocarno.ch\/wordpress\/wp-content\/uploads\/2017\/07\/Sede1.jpg\"><img loading=\"lazy\" decoding=\"async\" class=\"aligncenter wp-image-345\" src=\"http:\/\/www.sclocarno.ch\/wordpress\/wp-content\/uploads\/2017\/07\/Sede1-300x157.jpg\" alt=\"\" width=\"500\" height=\"262\" srcset=\"https:\/\/www.sclocarno.ch\/wordpress\/wp-content\/uploads\/2017\/07\/Sede1-300x157.jpg 300w, https:\/\/www.sclocarno.ch\/wordpress\/wp-content\/uploads\/2017\/07\/Sede1.jpg 640w\" sizes=\"auto, (max-width: 500px) 100vw, 500px\" \/><\/a><\/p>\n<p><span style=\"font-size: 12pt;\"><strong>La Societ\u00e0 Canottieri Locarno affitta posti letti a societ\u00e0 sportive nella sede di via al Lido 5. Esiste inoltre la possibilit\u00e0 di utilizzo di una moderna cucina con un&#8217;ampia sala con una terrazza con vista imperdibile sul lago.<br \/>\n<\/strong><\/span><\/p>\n<p><span style=\"text-decoration: underline; color: #ff0000;\"><span style=\"font-size: 14pt;\"><strong><em>Informazione del 12 settembre 2024<\/em><\/strong><\/span><\/span><\/p>\n<p><span style=\"color: #ff0000;\"><strong>Il dormitorio \u00e8 in fase di ristrutturazione e attualmente non \u00e8 agibile. <\/strong><strong>Ci scusiamo per il disguido, ma stiamo lavorando per migliorare l&#8217;offerta.<\/strong><\/span><\/p>\n<p><span style=\"font-size: 12pt;\"><em><strong>\u00a0<\/strong><\/em><\/span><\/p>\n<p><a href=\"https:\/\/www.ascona-locarno.com\/it\/\" target=\"_blank\" rel=\"https:\/\/www.ascona-locarno.com\/it\/ noopener\"><img loading=\"lazy\" decoding=\"async\" class=\"aligncenter\" src=\"http:\/\/www.sclocarno.ch\/wordpress\/wp-content\/uploads\/2023\/01\/index.png\" alt=\"\" width=\"389\" height=\"129\" \/><\/a><\/p>\n<p style=\"mso-margin-top-alt: auto; mso-margin-bottom-alt: auto; line-height: 11.85pt; mso-outline-level: 6;\">\n<span>","protected":false},"excerpt":{"rendered":"<p class=\"excerpt\"><span itemprop=\"description\">La Societ\u00e0 Canottieri Locarno affitta posti letti a societ\u00e0 sportive nella sede di via al Lido 5. Esiste inoltre la possibilit\u00e0 di utilizzo di una moderna cucina con un&#8217;ampia sala con una terrazza con vista imperdibile sul lago. Informazione del 12 settembre 2024 Il dormitorio&hellip;<\/span><\/p>\n<p class=\"more-link-p btn-align-right\"><a class=\"blue zoom-btn\" href=\"https:\/\/www.sclocarno.ch\/wordpress\/sede-hotel\/\">Read More<\/a><\/p>\n","protected":false},"author":1,"featured_media":0,"parent":0,"menu_order":0,"comment_status":"closed","ping_status":"closed","template":"","meta":{"footnotes":""},"class_list":["post-29","page","type-page","status-publish","hentry","zoom-theme-has-thumb"],"_links":{"self":[{"href":"https:\/\/www.sclocarno.ch\/wordpress\/wp-json\/wp\/v2\/pages\/29","targetHints":{"allow":["GET"]}}],"collection":[{"href":"https:\/\/www.sclocarno.ch\/wordpress\/wp-json\/wp\/v2\/pages"}],"about":[{"href":"https:\/\/www.sclocarno.ch\/wordpress\/wp-json\/wp\/v2\/types\/page"}],"author":[{"embeddable":true,"href":"https:\/\/www.sclocarno.ch\/wordpress\/wp-json\/wp\/v2\/users\/1"}],"replies":[{"embeddable":true,"href":"https:\/\/www.sclocarno.ch\/wordpress\/wp-json\/wp\/v2\/comments?post=29"}],"version-history":[{"count":24,"href":"https:\/\/www.sclocarno.ch\/wordpress\/wp-json\/wp\/v2\/pages\/29\/revisions"}],"predecessor-version":[{"id":3585,"href":"https:\/\/www.sclocarno.ch\/wordpress\/wp-json\/wp\/v2\/pages\/29\/revisions\/3585"}],"wp:attachment":[{"href":"https:\/\/www.sclocarno.ch\/wordpress\/wp-json\/wp\/v2\/media?parent=29"}],"curies":[{"name":"wp","href":"https:\/\/api.w.org\/{rel}","templated":true}]}}